{"id":4394054,"date":"2019-03-23T13:44:46","date_gmt":"2019-03-23T12:44:46","guid":{"rendered":"https:\/\/filtrade.hu\/?page_id=4394054"},"modified":"2025-07-31T16:29:27","modified_gmt":"2025-07-31T15:29:27","slug":"impressum","status":"publish","type":"page","link":"https:\/\/filtrade.hu\/en\/impressum\/","title":{"rendered":"Impressum"},"content":{"rendered":"<p>[et_pb_section fb_built=&#8221;1&#8243; admin_label=&#8221;section&#8221; _builder_version=&#8221;4.23.4&#8243; custom_padding=&#8221;25px||0px||false|false&#8221; locked=&#8221;off&#8221; global_colors_info=&#8221;{}&#8221;][et_pb_row _builder_version=&#8221;4.23.4&#8243; _module_preset=&#8221;default&#8221; width=&#8221;70%&#8221; max_width=&#8221;100%&#8221; max_width_tablet=&#8221;85%&#8221; max_width_phone=&#8221;90%&#8221; max_width_last_edited=&#8221;on|tablet&#8221; global_colors_info=&#8221;{}&#8221; width_tablet=&#8221;85%&#8221; width_phone=&#8221;90%&#8221; width_last_edited=&#8221;on|desktop&#8221;][et_pb_column type=&#8221;4_4&#8243; _builder_version=&#8221;4.23.4&#8243; _module_preset=&#8221;default&#8221; global_colors_info=&#8221;{}&#8221;][et_pb_heading title=&#8221;Impresszum&#8221; _builder_version=&#8221;4.23.4&#8243; _module_preset=&#8221;default&#8221; title_text_align=&#8221;center&#8221; title_font_size=&#8221;45px&#8221; custom_padding=&#8221;0px||0px||false|false&#8221; global_colors_info=&#8221;{}&#8221;][\/et_pb_heading][\/et_pb_column][\/et_pb_row][\/et_pb_section][et_pb_section fb_built=&#8221;1&#8243; admin_label=&#8221;section&#8221; _builder_version=&#8221;4.23.4&#8243; custom_padding=&#8221;0px||||false|false&#8221; global_colors_info=&#8221;{}&#8221;][et_pb_row admin_label=&#8221;row&#8221; _builder_version=&#8221;4.23.4&#8243; background_size=&#8221;initial&#8221; background_position=&#8221;top_left&#8221; background_repeat=&#8221;repeat&#8221; width=&#8221;70%&#8221; max_width=&#8221;100%&#8221; custom_padding=&#8221;27px|||0px||&#8221; global_colors_info=&#8221;{}&#8221; width_tablet=&#8221;85%&#8221; width_phone=&#8221;90%&#8221; width_last_edited=&#8221;on|desktop&#8221; max_width_tablet=&#8221;85%&#8221; max_width_phone=&#8221;90%&#8221; max_width_last_edited=&#8221;on|tablet&#8221;][et_pb_column type=&#8221;4_4&#8243; _builder_version=&#8221;4.16&#8243; custom_padding=&#8221;|||&#8221; global_colors_info=&#8221;{}&#8221; custom_padding__hover=&#8221;|||&#8221;][et_pb_text admin_label=&#8221;Text&#8221; _builder_version=&#8221;4.23.4&#8243; background_size=&#8221;initial&#8221; background_position=&#8221;top_left&#8221; background_repeat=&#8221;repeat&#8221; global_colors_info=&#8221;{}&#8221;]<\/p>\n<p style=\"text-align: justify;\"><strong>1) The data controller responsible for the content of the website or social media platform accessible at the internet address you visited \u2014 hereinafter collectively referred to as the \u201csite\u201d \u2014 as well as the owner of the domain and the site:<\/strong><\/p>\n<p style=\"text-align: justify;\"><strong>Filtrade Limited Liability Company<\/strong><\/p>\n<p style=\"text-align: justify;\">9027 Gy\u0151r, K\u0151risfa street 14.<br \/>\nTax Number: 23573600-2-08<\/p>\n<p style=\"text-align: justify;\">Registered at the Gy\u0151r Court of Registration.<\/p>\n<p style=\"text-align: justify;\"><strong>2.) Data protection supervisory authority:<\/strong><\/p>\n<p style=\"text-align: justify;\"><strong>National Authority for Data Protection and Freedom of Information<\/strong><br \/>\nRegistered office: 1125 Budapest, Falk Miksa Street 9-11.<br \/>\nPostal address: 1363 Budapest, P.O. Box 9.<br \/>\nPhone: +36 30 683 5969<br \/>\nFax: +36 1 391 1410<br \/>\nE-mail: ugyfelszolgalat@naih.hu<br \/>\nWebsite: <a href=\"http:\/\/www.naih.hu\/\" target=\"_blank\" rel=\"noopener\">http:\/\/www.naih.hu\/<\/a><\/p>\n<p style=\"text-align: justify;\"><strong>3.) Server hosting provider:<\/strong><\/p>\n<p style=\"text-align: justify;\"><strong>KTS Online Ltd.<\/strong><br \/>\nTax Number: 29152106-2-08<br \/>\nCompany registration number: 08-09-032885<br \/>\nRegistered at the Gy\u0151r Court of Registration.<br \/>\nStatistical number: 29152106-6311-113-08<br \/>\nEU VAT number: HU29152106<br \/>\nRegistered office: 9024 Gy\u0151r, Bart\u00f3k B\u00e9la street 26\/B, Ground Floor 2.<br \/>\nPhone: +36-20\/316-2431<br \/>\nE-mail: info@kts.hu<\/p>\n<p style=\"text-align: justify;\">Data center: 1132 Budapest, Victor Hugo Street 18-22<\/p>\n<p style=\"text-align: justify;\"><strong>4.) If the User (consumer) resides in the European Union, they may use the European Commission\u2019s online dispute resolution platform regarding complaints related to the service.<\/strong><\/p>\n<p style=\"text-align: justify;\"><strong>The European Commission\u2019s Online Dispute Resolution Platform<\/strong><br \/>\nWebsite: <a href=\"https:\/\/webgate.ec.europa.eu\/odr\" target=\"_blank\" rel=\"noopener\">https:\/\/webgate.ec.europa.eu\/odr<\/a><\/p>\n<p style=\"text-align: justify;\">This internet-based platform was established by the EU for consumers who wish to file a complaint regarding products or services purchased online and who want to appoint a neutral third party (dispute resolution body) to handle the complaint.<\/p>\n<p style=\"text-align: justify;\">Further information about the online dispute resolution platform, its use, and the dispute resolution procedure can be found on the website accessible via the above link.<\/p>\n<p>[\/et_pb_text][\/et_pb_column][\/et_pb_row][\/et_pb_section]<\/p>\n","protected":false},"excerpt":{"rendered":"<p>1) The data controller responsible for the content of the website or social media platform accessible at the internet address you visited \u2014 hereinafter collectively referred to as the \u201csite\u201d \u2014 as well as the owner of the domain and the site: Filtrade Limited Liability Company 9027 Gy\u0151r, K\u0151risfa street 14. Tax Number: 23573600-2-08 Registered [&hellip;]<\/p>\n","protected":false},"author":1,"featured_media":0,"parent":0,"menu_order":0,"comment_status":"closed","ping_status":"closed","template":"","meta":{"_acf_changed":false,"_et_pb_use_builder":"on","_et_pb_old_content":"","_et_gb_content_width":"","_themeisle_gutenberg_block_has_review":false,"footnotes":""},"class_list":["post-4394054","page","type-page","status-publish","hentry"],"acf":[],"_links":{"self":[{"href":"https:\/\/filtrade.hu\/en\/wp-json\/wp\/v2\/pages\/4394054","targetHints":{"allow":["GET"]}}],"collection":[{"href":"https:\/\/filtrade.hu\/en\/wp-json\/wp\/v2\/pages"}],"about":[{"href":"https:\/\/filtrade.hu\/en\/wp-json\/wp\/v2\/types\/page"}],"author":[{"embeddable":true,"href":"https:\/\/filtrade.hu\/en\/wp-json\/wp\/v2\/users\/1"}],"replies":[{"embeddable":true,"href":"https:\/\/filtrade.hu\/en\/wp-json\/wp\/v2\/comments?post=4394054"}],"version-history":[{"count":1,"href":"https:\/\/filtrade.hu\/en\/wp-json\/wp\/v2\/pages\/4394054\/revisions"}],"predecessor-version":[{"id":4394055,"href":"https:\/\/filtrade.hu\/en\/wp-json\/wp\/v2\/pages\/4394054\/revisions\/4394055"}],"wp:attachment":[{"href":"https:\/\/filtrade.hu\/en\/wp-json\/wp\/v2\/media?parent=4394054"}],"curies":[{"name":"wp","href":"https:\/\/api.w.org\/{rel}","templated":true}]}}