{"id":4393987,"date":"2024-09-22T18:25:10","date_gmt":"2024-09-22T17:25:10","guid":{"rendered":"https:\/\/filtrade.hu\/our-services\/aktiv-szen-csere\/"},"modified":"2025-08-01T13:15:26","modified_gmt":"2025-08-01T12:15:26","slug":"activated-carbon-replacement","status":"publish","type":"page","link":"https:\/\/filtrade.hu\/en\/our-services\/activated-carbon-replacement\/","title":{"rendered":"Activated Carbon Replacement"},"content":{"rendered":"<p>[et_pb_section fb_built=&#8221;1&#8243; _builder_version=&#8221;4.23.4&#8243; _module_preset=&#8221;default&#8221; background_color=&#8221;#f2f2f2&#8243; custom_margin=&#8221;0px||||false|false&#8221; custom_padding=&#8221;0px||0px||false|false&#8221; locked=&#8221;off&#8221; global_colors_info=&#8221;{}&#8221;][et_pb_row _builder_version=&#8221;4.23.4&#8243; _module_preset=&#8221;default&#8221; width=&#8221;70%&#8221; width_tablet=&#8221;85%&#8221; width_phone=&#8221;90%&#8221; width_last_edited=&#8221;on|desktop&#8221; max_width=&#8221;100%&#8221; max_width_tablet=&#8221;85%&#8221; max_width_phone=&#8221;90%&#8221; max_width_last_edited=&#8221;on|tablet&#8221; custom_padding=&#8221;35px||||false|false&#8221; global_colors_info=&#8221;{}&#8221;][et_pb_column type=&#8221;4_4&#8243; _builder_version=&#8221;4.23.4&#8243; _module_preset=&#8221;default&#8221; global_colors_info=&#8221;{}&#8221;][et_pb_text _builder_version=&#8221;4.27.4&#8243; text_font=&#8221;Nunito Sans||||||||&#8221; text_text_color=&#8221;#000000&#8243; text_font_size=&#8221;18px&#8221; ul_font=&#8221;||||||||&#8221; ul_line_height=&#8221;2em&#8221; header_font=&#8221;Nunito Sans|900||on|||||&#8221; header_text_align=&#8221;center&#8221; header_text_color=&#8221;#4c8c2b&#8221; header_font_size=&#8221;36px&#8221; header_line_height=&#8221;1.3em&#8221; text_orientation=&#8221;justified&#8221; max_width=&#8221;100%&#8221; max_width_tablet=&#8221;&#8221; max_width_phone=&#8221;98%&#8221; max_width_last_edited=&#8221;on|desktop&#8221; module_alignment=&#8221;center&#8221; custom_margin=&#8221;10px||||false|false&#8221; hover_enabled=&#8221;0&#8243; header_font_size_tablet=&#8221;44px&#8221; header_font_size_phone=&#8221;22px&#8221; header_font_size_last_edited=&#8221;on|phone&#8221; global_colors_info=&#8221;{}&#8221; sticky_enabled=&#8221;0&#8243;]<\/p>\n<h1 style=\"text-align: center;\">Replacement of activated carbon in industrial filtration systems<\/h1>\n<p>[\/et_pb_text][\/et_pb_column][\/et_pb_row][\/et_pb_section][et_pb_section fb_built=&#8221;1&#8243; disabled_on=&#8221;off|off|off&#8221; _builder_version=&#8221;4.23.4&#8243; background_image=&#8221;https:\/\/filtrade.hu\/wp-content\/uploads\/2025\/02\/4907157-scaled-1.jpg&#8221; custom_padding=&#8221;0|0px|80px|0px|false|false&#8221; locked=&#8221;off&#8221; global_colors_info=&#8221;{}&#8221;][et_pb_row make_equal=&#8221;on&#8221; _builder_version=&#8221;4.23.4&#8243; width=&#8221;70%&#8221; width_tablet=&#8221;85%&#8221; width_phone=&#8221;90%&#8221; width_last_edited=&#8221;on|desktop&#8221; max_width=&#8221;100%&#8221; max_width_tablet=&#8221;85%&#8221; max_width_phone=&#8221;90%&#8221; max_width_last_edited=&#8221;on|tablet&#8221; custom_padding=&#8221;||18px||false|false&#8221; locked=&#8221;off&#8221; global_colors_info=&#8221;{}&#8221;][et_pb_column type=&#8221;4_4&#8243; _builder_version=&#8221;4.23.4&#8243; custom_padding=&#8221;|||&#8221; custom_css_main_element=&#8221;margin: auto;&#8221; global_colors_info=&#8221;{}&#8221; custom_padding__hover=&#8221;|||&#8221;][et_pb_text _builder_version=&#8221;4.27.4&#8243; header_font=&#8221;Muli|700|||||||&#8221; header_text_color=&#8221;#297FCA&#8221; header_line_height=&#8221;1.3em&#8221; max_width=&#8221;100%&#8221; max_width_tablet=&#8221;&#8221; max_width_phone=&#8221;98%&#8221; max_width_last_edited=&#8221;on|desktop&#8221; custom_margin_tablet=&#8221;||50px||false|false&#8221; custom_margin_phone=&#8221;||50px||false|false&#8221; custom_margin_last_edited=&#8221;on|phone&#8221; global_colors_info=&#8221;{}&#8221;]<\/p>\n<p style=\"text-align: justify;\"><strong>Overview of Our Services<\/strong><\/p>\n<p style=\"text-align: justify;\">Our company not only supplies high-quality activated carbon products, but also provides a full-service solution for on-site replacement. Our experienced service team ensures that the activated carbon is replaced quickly, efficiently, and safely, minimizing downtime and operational costs.<\/p>\n<p>[\/et_pb_text][et_pb_text _builder_version=&#8221;4.27.4&#8243; header_font=&#8221;Muli|700|||||||&#8221; header_text_color=&#8221;#297FCA&#8221; header_line_height=&#8221;1.3em&#8221; max_width=&#8221;100%&#8221; max_width_tablet=&#8221;&#8221; max_width_phone=&#8221;98%&#8221; max_width_last_edited=&#8221;on|desktop&#8221; custom_margin_tablet=&#8221;||50px||false|false&#8221; custom_margin_phone=&#8221;||50px||false|false&#8221; custom_margin_last_edited=&#8221;on|phone&#8221; global_colors_info=&#8221;{}&#8221;]<\/p>\n<p style=\"text-align: justify;\"><strong>What should be considered during the replacement of activated carbon?<\/strong><\/p>\n<p style=\"text-align: justify;\"><strong>1. Preparation of the equipment<\/strong><\/p>\n<p style=\"text-align: justify;\">Before replacing the activated carbon, the filtration unit must be shut down and properly cooled.<br \/>\nThe remaining pressure in the system must be checked, and the conditions for safe work must be ensured.<\/p>\n<p style=\"text-align: justify;\"><strong>2. Removal of the used carbon<\/strong><\/p>\n<p style=\"text-align: justify;\">The used activated carbon must be removed and handled in accordance with environmental regulations.<br \/>\nThis requires special equipment and appropriate storage containers.<\/p>\n<p style=\"text-align: justify;\"><strong>3. Equipment cleaning<\/strong><\/p>\n<p style=\"text-align: justify;\">Before the replacement, thorough cleaning must be performed in the tanks and filter housings to ensure the new carbon functions effectively.<\/p>\n<p style=\"text-align: justify;\"><strong>4. Loading new carbon<\/strong><\/p>\n<p style=\"text-align: justify;\">The new activated carbon must be evenly distributed in the filter to achieve maximum efficiency.<br \/>\nThe filling is often performed using special machines to avoid carbon dust and environmental contamination.<\/p>\n<p style=\"text-align: justify;\"><strong>5. Restarting and testing the system<\/strong><\/p>\n<p style=\"text-align: justify;\">After the replacement, the system must be tested to ensure it meets the prescribed operational parameters.<\/p>\n<p>[\/et_pb_text][\/et_pb_column][\/et_pb_row][et_pb_row make_equal=&#8221;on&#8221; _builder_version=&#8221;4.23.4&#8243; width=&#8221;70%&#8221; width_tablet=&#8221;85%&#8221; width_phone=&#8221;90%&#8221; width_last_edited=&#8221;on|desktop&#8221; max_width=&#8221;100%&#8221; max_width_tablet=&#8221;85%&#8221; max_width_phone=&#8221;90%&#8221; max_width_last_edited=&#8221;on|tablet&#8221; custom_padding=&#8221;||50px||false|false&#8221; locked=&#8221;off&#8221; global_colors_info=&#8221;{}&#8221; custom_css_main_element_last_edited=&#8221;on|tablet&#8221; custom_css_main_element_tablet=&#8221;display: flex;||flex-direction: column-reverse;&#8221; custom_css_main_element_phone=&#8221;display: flex;||flex-direction: column-reverse;&#8221;][et_pb_column type=&#8221;4_4&#8243; _builder_version=&#8221;4.23.4&#8243; _module_preset=&#8221;default&#8221; custom_css_main_element=&#8221;margin: auto;&#8221; global_colors_info=&#8221;{}&#8221;][et_pb_text _builder_version=&#8221;4.27.4&#8243; header_font=&#8221;Muli|700|||||||&#8221; header_text_color=&#8221;#297FCA&#8221; header_line_height=&#8221;1.3em&#8221; max_width=&#8221;100%&#8221; max_width_tablet=&#8221;&#8221; max_width_phone=&#8221;98%&#8221; max_width_last_edited=&#8221;on|desktop&#8221; custom_margin_tablet=&#8221;||50px||false|false&#8221; custom_margin_phone=&#8221;||50px||false|false&#8221; custom_margin_last_edited=&#8221;on|phone&#8221; global_colors_info=&#8221;{}&#8221;]<\/p>\n<p style=\"text-align: justify;\"><strong>Why entrust us with your activated carbon replacement?<\/strong><\/p>\n<p style=\"text-align: justify;\"><strong>Experience and expertise:<\/strong><br \/>\nOur team has many years of experience in active carbon replacement across various industrial equipment. This guarantees fast and efficient work.<\/p>\n<p style=\"text-align: justify;\"><strong>Specialized equipment:<\/strong><br \/>\nWe provide the specialized tools and equipment necessary for the replacement, so the client does not need to procure these separately.<\/p>\n<p style=\"text-align: justify;\"><strong>Comprehensive service:<\/strong><br \/>\nFrom the transportation of activated carbon through on-site replacement to waste management, we handle every step of the process.<\/p>\n<p style=\"text-align: justify;\"><strong>Environmental protection and sustainability:<\/strong><br \/>\nThe used activated carbon is handled in compliance with the relevant regulations.<\/p>\n<p>[\/et_pb_text][et_pb_text _builder_version=&#8221;4.27.4&#8243; header_font=&#8221;Muli|700|||||||&#8221; header_text_color=&#8221;#297FCA&#8221; header_line_height=&#8221;1.3em&#8221; max_width=&#8221;100%&#8221; max_width_tablet=&#8221;&#8221; max_width_phone=&#8221;98%&#8221; max_width_last_edited=&#8221;on|desktop&#8221; custom_margin_tablet=&#8221;||50px||false|false&#8221; custom_margin_phone=&#8221;||50px||false|false&#8221; custom_margin_last_edited=&#8221;on|phone&#8221; global_colors_info=&#8221;{}&#8221;]<\/p>\n<p style=\"text-align: justify;\"><strong>Why is regular replacement of activated carbon important?<\/strong><\/p>\n<p style=\"text-align: justify;\"><strong><\/strong><\/p>\n<ul>\n<li style=\"text-align: justify;\"><strong style=\"font-size: 16px;\">Maintaining efficiency:<\/strong><span style=\"font-size: 16px;\"> Activated carbon filters become saturated over time, which reduces their filtration capacity.<\/span><\/li>\n<li style=\"text-align: justify;\"><strong>Environmental compliance:<\/strong> Timely replacement of contaminated carbon ensures that the equipment complies with environmental regulations.<\/li>\n<li style=\"text-align: justify;\"><strong>Increasing equipment lifespan:<\/strong> Regular maintenance and replacement extend the service life of the filtration system.<\/li>\n<\/ul>\n<p>[\/et_pb_text][et_pb_text _builder_version=&#8221;4.27.4&#8243; header_font=&#8221;Muli|700|||||||&#8221; header_text_color=&#8221;#297FCA&#8221; header_line_height=&#8221;1.3em&#8221; max_width=&#8221;100%&#8221; max_width_tablet=&#8221;&#8221; max_width_phone=&#8221;98%&#8221; max_width_last_edited=&#8221;on|desktop&#8221; custom_margin_tablet=&#8221;||50px||false|false&#8221; custom_margin_phone=&#8221;||50px||false|false&#8221; custom_margin_last_edited=&#8221;on|phone&#8221; global_colors_info=&#8221;{}&#8221;]<\/p>\n<p style=\"text-align: justify;\"><strong>Our related services<\/strong><\/p>\n<ul>\n<li style=\"text-align: justify;\">Condition assessment and maintenance of filtration equipment<\/li>\n<li style=\"text-align: justify;\">Cleaning and disinfecting of filter housings<\/li>\n<li style=\"text-align: justify;\">Complete system optimization for energy efficiency<\/li>\n<\/ul>\n<p style=\"text-align: justify;\">This service helps our clients ensure that their systems always deliver optimal performance, minimizing operational costs and environmental risks.<\/p>\n<p>[\/et_pb_text][\/et_pb_column][\/et_pb_row][\/et_pb_section][et_pb_section fb_built=&#8221;1&#8243; custom_padding_last_edited=&#8221;on|desktop&#8221; _builder_version=&#8221;4.23.4&#8243; width=&#8221;100%&#8221; width_tablet=&#8221;100%&#8221; width_phone=&#8221;100%&#8221; width_last_edited=&#8221;on|desktop&#8221; max_width=&#8221;100%&#8221; module_alignment=&#8221;center&#8221; custom_margin=&#8221;-4px||||false|false&#8221; custom_padding=&#8221;30px||30px||false|false&#8221; custom_padding_tablet=&#8221;50px||30px|&#8221; custom_padding_phone=&#8221;&#8221; top_divider_color=&#8221;#626262&#8243; global_module=&#8221;4393933&#8243; saved_tabs=&#8221;all&#8221; locked=&#8221;off&#8221; global_colors_info=&#8221;{}&#8221;][et_pb_row column_structure=&#8221;1_2,1_2&#8243; make_equal=&#8221;on&#8221; _builder_version=&#8221;4.23.4&#8243; width=&#8221;70%&#8221; width_tablet=&#8221;85%&#8221; width_phone=&#8221;85%&#8221; width_last_edited=&#8221;on|desktop&#8221; max_width=&#8221;95%&#8221; max_width_tablet=&#8221;70%&#8221; max_width_phone=&#8221;85%&#8221; max_width_last_edited=&#8221;on|tablet&#8221; custom_padding=&#8221;||10px|&#8221; global_colors_info=&#8221;{}&#8221;][et_pb_column type=&#8221;1_2&#8243; _builder_version=&#8221;4.23.4&#8243; custom_padding=&#8221;|||&#8221; custom_css_main_element=&#8221;margin: auto;&#8221; global_colors_info=&#8221;{}&#8221; custom_padding__hover=&#8221;|||&#8221;][et_pb_text admin_label=&#8221;Default Header&#8221; module_class=&#8221;default-header&#8221; _builder_version=&#8221;4.27.4&#8243; text_font_size=&#8221;20px&#8221; header_font_size=&#8221;45px&#8221; module_alignment=&#8221;right&#8221; custom_padding_tablet=&#8221;||30px||false|false&#8221; custom_padding_phone=&#8221;||30px||false|false&#8221; custom_padding_last_edited=&#8221;on|tablet&#8221; text_font_size_tablet=&#8221;&#8221; text_font_size_phone=&#8221;16px&#8221; text_font_size_last_edited=&#8221;on|phone&#8221; header_font_size_tablet=&#8221;&#8221; header_font_size_phone=&#8221;32px&#8221; header_font_size_last_edited=&#8221;on|phone&#8221; global_colors_info=&#8221;{}&#8221;]<\/p>\n<h1 style=\"text-align: center;\">Contact Us!<\/h1>\n<p style=\"text-align: center;\">If you have any questions,<br \/>\nfeel free to get in touch with us.<\/p>\n<p>[\/et_pb_text][\/et_pb_column][et_pb_column type=&#8221;1_2&#8243; _builder_version=&#8221;4.16&#8243; custom_padding=&#8221;|||&#8221; global_colors_info=&#8221;{}&#8221; custom_padding__hover=&#8221;|||&#8221;][et_pb_contact_form use_spam_service=&#8221;on&#8221; recaptcha_list=&#8221;filtradehu|filtradehu-0&#8243; recaptcha_min_score=&#8221;0.4&#8243; email=&#8221;info@filtrade.hu, peter.galos@filtrade.hu, norbert.nador@filtrade.hu&#8221; custom_message=&#8221;N\u00e9v: %%Name%%||et_pb_line_break_holder||Email c\u00edm: %%Email%%||et_pb_line_break_holder||T\u00e9ma: %%Subject%%||et_pb_line_break_holder||\u00dczenet: %%Message%%&#8221; submit_button_text=&#8221;Send&#8221; admin_label=&#8221;Contact Form &#8211; class .de-contact-form&#8221; module_class=&#8221;de-contact-form&#8221; _builder_version=&#8221;4.27.4&#8243; _unique_id=&#8221;fab8831e-d381-4ada-84af-d6bb5762b07d&#8221; custom_button=&#8221;on&#8221; button_text_color=&#8221;#ffffff&#8221; button_font=&#8221;||||||||&#8221; width=&#8221;100%&#8221; border_radii=&#8221;on|5px|5px|5px|5px&#8221; global_colors_info=&#8221;{}&#8221;][et_pb_contact_field field_id=&#8221;Name&#8221; field_title=&#8221;Name&#8221; fullwidth_field=&#8221;on&#8221; _builder_version=&#8221;4.27.4&#8243; global_colors_info=&#8221;{}&#8221; button_text_size__hover_enabled=&#8221;off&#8221; button_one_text_size__hover_enabled=&#8221;off&#8221; button_two_text_size__hover_enabled=&#8221;off&#8221; button_text_color__hover_enabled=&#8221;off&#8221; button_one_text_color__hover_enabled=&#8221;off&#8221; button_two_text_color__hover_enabled=&#8221;off&#8221; button_border_width__hover_enabled=&#8221;off&#8221; button_one_border_width__hover_enabled=&#8221;off&#8221; button_two_border_width__hover_enabled=&#8221;off&#8221; button_border_color__hover_enabled=&#8221;off&#8221; button_one_border_color__hover_enabled=&#8221;off&#8221; button_two_border_color__hover_enabled=&#8221;off&#8221; button_border_radius__hover_enabled=&#8221;off&#8221; button_one_border_radius__hover_enabled=&#8221;off&#8221; button_two_border_radius__hover_enabled=&#8221;off&#8221; button_letter_spacing__hover_enabled=&#8221;off&#8221; button_one_letter_spacing__hover_enabled=&#8221;off&#8221; button_two_letter_spacing__hover_enabled=&#8221;off&#8221; button_bg_color__hover_enabled=&#8221;off&#8221; button_one_bg_color__hover_enabled=&#8221;off&#8221; button_two_bg_color__hover_enabled=&#8221;off&#8221;][\/et_pb_contact_field][et_pb_contact_field field_id=&#8221;Email&#8221; field_title=&#8221;Email address&#8221; field_type=&#8221;email&#8221; fullwidth_field=&#8221;on&#8221; _builder_version=&#8221;4.27.4&#8243; global_colors_info=&#8221;{}&#8221; button_text_size__hover_enabled=&#8221;off&#8221; button_one_text_size__hover_enabled=&#8221;off&#8221; button_two_text_size__hover_enabled=&#8221;off&#8221; button_text_color__hover_enabled=&#8221;off&#8221; button_one_text_color__hover_enabled=&#8221;off&#8221; button_two_text_color__hover_enabled=&#8221;off&#8221; button_border_width__hover_enabled=&#8221;off&#8221; button_one_border_width__hover_enabled=&#8221;off&#8221; button_two_border_width__hover_enabled=&#8221;off&#8221; button_border_color__hover_enabled=&#8221;off&#8221; button_one_border_color__hover_enabled=&#8221;off&#8221; button_two_border_color__hover_enabled=&#8221;off&#8221; button_border_radius__hover_enabled=&#8221;off&#8221; button_one_border_radius__hover_enabled=&#8221;off&#8221; button_two_border_radius__hover_enabled=&#8221;off&#8221; button_letter_spacing__hover_enabled=&#8221;off&#8221; button_one_letter_spacing__hover_enabled=&#8221;off&#8221; button_two_letter_spacing__hover_enabled=&#8221;off&#8221; button_bg_color__hover_enabled=&#8221;off&#8221; button_one_bg_color__hover_enabled=&#8221;off&#8221; button_two_bg_color__hover_enabled=&#8221;off&#8221;][\/et_pb_contact_field][et_pb_contact_field field_id=&#8221;Subject&#8221; field_title=&#8221;Subject&#8221; required_mark=&#8221;off&#8221; fullwidth_field=&#8221;on&#8221; _builder_version=&#8221;4.27.4&#8243; global_colors_info=&#8221;{}&#8221; button_text_size__hover_enabled=&#8221;off&#8221; button_one_text_size__hover_enabled=&#8221;off&#8221; button_two_text_size__hover_enabled=&#8221;off&#8221; button_text_color__hover_enabled=&#8221;off&#8221; button_one_text_color__hover_enabled=&#8221;off&#8221; button_two_text_color__hover_enabled=&#8221;off&#8221; button_border_width__hover_enabled=&#8221;off&#8221; button_one_border_width__hover_enabled=&#8221;off&#8221; button_two_border_width__hover_enabled=&#8221;off&#8221; button_border_color__hover_enabled=&#8221;off&#8221; button_one_border_color__hover_enabled=&#8221;off&#8221; button_two_border_color__hover_enabled=&#8221;off&#8221; button_border_radius__hover_enabled=&#8221;off&#8221; button_one_border_radius__hover_enabled=&#8221;off&#8221; button_two_border_radius__hover_enabled=&#8221;off&#8221; button_letter_spacing__hover_enabled=&#8221;off&#8221; button_one_letter_spacing__hover_enabled=&#8221;off&#8221; button_two_letter_spacing__hover_enabled=&#8221;off&#8221; button_bg_color__hover_enabled=&#8221;off&#8221; button_one_bg_color__hover_enabled=&#8221;off&#8221; button_two_bg_color__hover_enabled=&#8221;off&#8221;][\/et_pb_contact_field][et_pb_contact_field field_id=&#8221;Message&#8221; field_title=&#8221;Message&#8221; field_type=&#8221;text&#8221; fullwidth_field=&#8221;on&#8221; _builder_version=&#8221;4.27.4&#8243; global_colors_info=&#8221;{}&#8221; button_text_size__hover_enabled=&#8221;off&#8221; button_one_text_size__hover_enabled=&#8221;off&#8221; button_two_text_size__hover_enabled=&#8221;off&#8221; button_text_color__hover_enabled=&#8221;off&#8221; button_one_text_color__hover_enabled=&#8221;off&#8221; button_two_text_color__hover_enabled=&#8221;off&#8221; button_border_width__hover_enabled=&#8221;off&#8221; button_one_border_width__hover_enabled=&#8221;off&#8221; button_two_border_width__hover_enabled=&#8221;off&#8221; button_border_color__hover_enabled=&#8221;off&#8221; button_one_border_color__hover_enabled=&#8221;off&#8221; button_two_border_color__hover_enabled=&#8221;off&#8221; button_border_radius__hover_enabled=&#8221;off&#8221; button_one_border_radius__hover_enabled=&#8221;off&#8221; button_two_border_radius__hover_enabled=&#8221;off&#8221; button_letter_spacing__hover_enabled=&#8221;off&#8221; button_one_letter_spacing__hover_enabled=&#8221;off&#8221; button_two_letter_spacing__hover_enabled=&#8221;off&#8221; button_bg_color__hover_enabled=&#8221;off&#8221; button_one_bg_color__hover_enabled=&#8221;off&#8221; button_two_bg_color__hover_enabled=&#8221;off&#8221;][\/et_pb_contact_field][et_pb_contact_field field_id=&#8221;Adatv\u00e9delem&#8221; field_title=&#8221;Privacy Policy&#8221; field_type=&#8221;checkbox&#8221; checkbox_options=&#8221;%91{%22value%22:%22I have read and accept the privacy policy.%22,%22checked%22:0,%22dragID%22:-1,%22link_url%22:%22https:\/\/filtrade.hu\/wp-content\/uploads\/2025\/05\/Filtrade_kft-_ASZF.pdf%22}%93&#8243; fullwidth_field=&#8221;on&#8221; _builder_version=&#8221;4.27.4&#8243; global_colors_info=&#8221;{}&#8221;][\/et_pb_contact_field][\/et_pb_contact_form][\/et_pb_column][\/et_pb_row][\/et_pb_section]<\/p>\n","protected":false},"excerpt":{"rendered":"<p>Replacement of activated carbon in industrial filtration systemsOverview of Our Services Our company not only supplies high-quality activated carbon products, but also provides a full-service solution for on-site replacement. Our experienced service team ensures that the activated carbon is replaced quickly, efficiently, and safely, minimizing downtime and operational costs.What should be considered during the replacement [&hellip;]<\/p>\n","protected":false},"author":1,"featured_media":0,"parent":4393942,"menu_order":0,"comment_status":"closed","ping_status":"closed","template":"","meta":{"_acf_changed":false,"_et_pb_use_builder":"on","_et_pb_old_content":"","_et_gb_content_width":"","_themeisle_gutenberg_block_has_review":false,"footnotes":""},"class_list":["post-4393987","page","type-page","status-publish","hentry"],"acf":[],"_links":{"self":[{"href":"https:\/\/filtrade.hu\/en\/wp-json\/wp\/v2\/pages\/4393987","targetHints":{"allow":["GET"]}}],"collection":[{"href":"https:\/\/filtrade.hu\/en\/wp-json\/wp\/v2\/pages"}],"about":[{"href":"https:\/\/filtrade.hu\/en\/wp-json\/wp\/v2\/types\/page"}],"author":[{"embeddable":true,"href":"https:\/\/filtrade.hu\/en\/wp-json\/wp\/v2\/users\/1"}],"replies":[{"embeddable":true,"href":"https:\/\/filtrade.hu\/en\/wp-json\/wp\/v2\/comments?post=4393987"}],"version-history":[{"count":7,"href":"https:\/\/filtrade.hu\/en\/wp-json\/wp\/v2\/pages\/4393987\/revisions"}],"predecessor-version":[{"id":4394105,"href":"https:\/\/filtrade.hu\/en\/wp-json\/wp\/v2\/pages\/4393987\/revisions\/4394105"}],"up":[{"embeddable":true,"href":"https:\/\/filtrade.hu\/en\/wp-json\/wp\/v2\/pages\/4393942"}],"wp:attachment":[{"href":"https:\/\/filtrade.hu\/en\/wp-json\/wp\/v2\/media?parent=4393987"}],"curies":[{"name":"wp","href":"https:\/\/api.w.org\/{rel}","templated":true}]}}